{"id":2044,"date":"2020-09-18T23:40:40","date_gmt":"2020-09-18T23:40:40","guid":{"rendered":"https:\/\/drrahmanbeckwith.com\/?post_type=product&#038;p=2044"},"modified":"2026-04-14T16:41:41","modified_gmt":"2026-04-14T16:41:41","slug":"ben-rumi-nerede-benim-semsim","status":"publish","type":"product","link":"https:\/\/drrahmanbeckwith.com\/tr\/urun\/ben-rumi-nerede-benim-semsim\/","title":{"rendered":"Ben Rumi, Nerede Benim Sems&#8217;im"},"content":{"rendered":"<div dir=\"auto\">Ger\u00e7ek hayattan al\u0131nm\u0131s bu heycanl\u0131 bir hikaye ile yazar bizi T\u00fcrkiye\u2019ye g\u00f6t\u00fcr\u00fcp cok \u00f6nemli sorular\u0131 cevaplamam\u0131za \u00a0ve ke\u015ffetmemize yard\u0131mc\u0131 oluyor : Ben kimim ? Ben neden burday\u0131m? Olmak istedi\u011fim her \u015fey nas\u0131l olabilirim?<\/div>\n<div dir=\"auto\"><\/div>\n<div dir=\"auto\">Rumi karakteri ile \u0130stanbul\u2019un tarihi yerlerini seyahat edip, Yalova\u2019da dervis der\u011fah\u0131na katilip, eski meditasyon tekniklerini \u00f6\u011frenebilir, a\u015fka d\u00fc\u015febilir, karakterin ismini ald\u0131\u011f\u0131 yere gidebilir ve daha bir cok \u015feyi ke\u015ffedebilirsiniz!<\/div>\n<div dir=\"auto\"><\/div>\n<div dir=\"auto\">Hikaye\u2019de ki karakterin hayat\u0131n\u0131n \u00a0anlamla doldu\u011funu g\u00f6r\u00fcnce, sizde ilham alacaks\u0131n\u0131z!<\/div>\n<div dir=\"auto\">\n<p>Rahman Beckwith, Psy. D (2016) holistik terapistir ve holistik ve ruhani psikoloji dallar\u0131nda doktora aday\u0131d\u0131r. Rahman Molek\u00fcler Biyoloji dal\u0131nda Princeton \u00dcniversitesi\u2019nden lisans diplomas\u0131na sahiptir.\u00a0 Rahman online dersler vermektedir ve bu yazarin \u00fc\u00e7\u00fcnc\u00fc kitab\u0131d\u0131r.<\/p>\n<div class=\"separator\"><\/div>\n<p>e-kitap $9.99 USD<\/p>\n<\/div>","protected":false},"excerpt":{"rendered":"<div dir=\"auto\">Ger\u00e7ek hayattan al\u0131nm\u0131s bu heycanl\u0131 bir hikaye ile yazar bizi T\u00fcrkiye\u2019ye g\u00f6t\u00fcr\u00fcp cok \u00f6nemli sorular\u0131 cevaplamam\u0131za \u00a0ve ke\u015ffetmemize yard\u0131mc\u0131 oluyor : Ben kimim ? Ben neden burday\u0131m? Olmak istedi\u011fim her \u015fey nas\u0131l olabilirim?<\/div>\n<div dir=\"auto\"><\/div>\n<div dir=\"auto\"><\/div>\n<div dir=\"auto\">I am Rumi, Where is My Shams (Turkish Version)<\/div>","protected":false},"featured_media":2045,"comment_status":"open","ping_status":"closed","template":"","meta":{"neve_meta_sidebar":"","neve_meta_container":"","neve_meta_enable_content_width":"off","neve_meta_content_width":0,"neve_meta_title_alignment":"","neve_meta_author_avatar":"","neve_post_elements_order":"","neve_meta_disable_header":"","neve_meta_disable_footer":"","neve_meta_disable_title":""},"product_brand":[],"product_cat":[247,266,255,264],"product_tag":[],"class_list":{"0":"post-2044","1":"product","2":"type-product","3":"status-publish","4":"has-post-thumbnail","6":"product_cat-books","7":"product_cat-e-book","8":"product_cat-romance","9":"product_cat-spirituality","11":"first","12":"instock","13":"downloadable","14":"virtual","15":"taxable","16":"purchasable","17":"product-type-simple"},"jetpack_sharing_enabled":true,"_links":{"self":[{"href":"https:\/\/drrahmanbeckwith.com\/tr\/wp-json\/wp\/v2\/product\/2044"}],"collection":[{"href":"https:\/\/drrahmanbeckwith.com\/tr\/wp-json\/wp\/v2\/product"}],"about":[{"href":"https:\/\/drrahmanbeckwith.com\/tr\/wp-json\/wp\/v2\/types\/product"}],"replies":[{"embeddable":true,"href":"https:\/\/drrahmanbeckwith.com\/tr\/wp-json\/wp\/v2\/comments?post=2044"}],"wp:featuredmedia":[{"embeddable":true,"href":"https:\/\/drrahmanbeckwith.com\/tr\/wp-json\/wp\/v2\/media\/2045"}],"wp:attachment":[{"href":"https:\/\/drrahmanbeckwith.com\/tr\/wp-json\/wp\/v2\/media?parent=2044"}],"wp:term":[{"taxonomy":"product_brand","embeddable":true,"href":"https:\/\/drrahmanbeckwith.com\/tr\/wp-json\/wp\/v2\/product_brand?post=2044"},{"taxonomy":"product_cat","embeddable":true,"href":"https:\/\/drrahmanbeckwith.com\/tr\/wp-json\/wp\/v2\/product_cat?post=2044"},{"taxonomy":"product_tag","embeddable":true,"href":"https:\/\/drrahmanbeckwith.com\/tr\/wp-json\/wp\/v2\/product_tag?post=2044"}],"curies":[{"name":"wp","href":"https:\/\/api.w.org\/{rel}","templated":true}]}}